{"id":1244,"date":"2026-01-23T06:27:14","date_gmt":"2026-01-23T11:27:14","guid":{"rendered":"https:\/\/aalliance.ca\/privacy-policy\/"},"modified":"2026-01-29T11:16:04","modified_gmt":"2026-01-29T16:16:04","slug":"politique-de-confidentialite","status":"publish","type":"page","link":"https:\/\/aalliance.ca\/fr\/politique-de-confidentialite\/","title":{"rendered":"Politique de confidentialit\u00e9"},"content":{"rendered":"\t\t<div data-elementor-type=\"wp-page\" data-elementor-id=\"1244\" class=\"elementor elementor-1244 elementor-683\" data-elementor-post-type=\"page\">\n\t\t\t\t\t\t<section class=\"elementor-section elementor-top-section elementor-element elementor-element-0c9b64c elementor-section-boxed elementor-section-height-default elementor-section-height-default\" data-id=\"0c9b64c\" data-element_type=\"section\" data-e-type=\"section\" data-settings=\"{&quot;background_background&quot;:&quot;classic&quot;}\">\n\t\t\t\t\t\t\t<div class=\"elementor-background-overlay\"><\/div>\n\t\t\t\t\t\t\t<div class=\"elementor-container elementor-column-gap-default\">\n\t\t\t\t\t<div class=\"elementor-column elementor-col-100 elementor-top-column elementor-element elementor-element-b298cd6\" data-id=\"b298cd6\" data-element_type=\"column\" data-e-type=\"column\">\n\t\t\t<div class=\"elementor-widget-wrap elementor-element-populated\">\n\t\t\t\t\t\t<div class=\"elementor-element elementor-element-ee3f856 elementor-invisible elementor-widget elementor-widget-heading\" data-id=\"ee3f856\" data-element_type=\"widget\" data-e-type=\"widget\" data-settings=\"{&quot;_animation&quot;:&quot;fadeInUp&quot;}\" data-widget_type=\"heading.default\">\n\t\t\t\t\t<h6 class=\"elementor-heading-title elementor-size-default\">Anishnabe Alliance<\/h6>\t\t\t\t<\/div>\n\t\t\t\t\t<\/div>\n\t\t<\/div>\n\t\t\t\t\t<\/div>\n\t\t<\/section>\n\t\t\t\t<section class=\"elementor-section elementor-top-section elementor-element elementor-element-58bf35ea elementor-section-boxed elementor-section-height-default elementor-section-height-default\" data-id=\"58bf35ea\" data-element_type=\"section\" data-e-type=\"section\">\n\t\t\t\t\t\t<div class=\"elementor-container elementor-column-gap-default\">\n\t\t\t\t\t<div class=\"elementor-column elementor-col-100 elementor-top-column elementor-element elementor-element-66d24051\" data-id=\"66d24051\" data-element_type=\"column\" data-e-type=\"column\">\n\t\t\t<div class=\"elementor-widget-wrap elementor-element-populated\">\n\t\t\t\t\t\t<div class=\"elementor-element elementor-element-e087e88 elementor-invisible elementor-widget elementor-widget-text-editor\" data-id=\"e087e88\" data-element_type=\"widget\" data-e-type=\"widget\" data-settings=\"{&quot;_animation&quot;:&quot;fadeInUp&quot;,&quot;_animation_delay&quot;:100}\" data-widget_type=\"text-editor.default\">\n\t\t\t\t\t\t\t\t\tDate : 2025-12-04\t\t\t\t\t\t\t\t<\/div>\n\t\t\t\t<div class=\"elementor-element elementor-element-f261e44 elementor-invisible elementor-widget elementor-widget-text-editor\" data-id=\"f261e44\" data-element_type=\"widget\" data-e-type=\"widget\" data-settings=\"{&quot;_animation&quot;:&quot;fadeInUp&quot;,&quot;_animation_delay&quot;:100}\" data-widget_type=\"text-editor.default\">\n\t\t\t\t\t\t\t\t\t<p>Chez <strong>ANISHNABE ALLIANCE<\/strong>, le respect de votre vie priv\u00e9e est primordial. Nous tenons \u00e0 ce que vous soyez inform\u00e9 de fa\u00e7on transparente sur notre utilisation de vos informations lorsque vous naviguez sur notre site. En transigeant avec le site de <strong>ANISHNABE ALLIANCE<\/strong>, vous acceptez de vous conformer aux pr\u00e9sentes politiques. Nous vous invitons donc \u00e0 prendre connaissance de la politique suivante concernant la confidentialit\u00e9 des informations.<\/p><p>\u00c0 titre indicatif, nous entendons par informations personnelles :<\/p><p><em>\u00ab Toute information qui permet de vous identifier telle que votre nom, votre num\u00e9ro de t\u00e9l\u00e9phone, votre courriel et votre adresse \u00bb.<\/em><\/p><p>Les termes \u00ab entreprise \u00bb, \u00ab notre \u00bb et \u00ab nous \u00bb sont utilis\u00e9s pour faire r\u00e9f\u00e9rence \u00e0 <strong>ANISHNABE ALLIANCE<\/strong>.<\/p><p>La politique suivante est la derni\u00e8re version disponible et n\u2019est valable que pour notre site. Si des modifications importantes sont \u00e0 apporter, nous proc\u00e9derons par avis sur la page principale de notre site pour vous informer.<\/p>\t\t\t\t\t\t\t\t<\/div>\n\t\t\t\t<div class=\"elementor-element elementor-element-19ff5fce elementor-invisible elementor-widget elementor-widget-heading\" data-id=\"19ff5fce\" data-element_type=\"widget\" data-e-type=\"widget\" data-settings=\"{&quot;_animation&quot;:&quot;fadeInUp&quot;,&quot;_animation_delay&quot;:200}\" data-widget_type=\"heading.default\">\n\t\t\t\t\t<h2 class=\"elementor-heading-title elementor-size-default\">Donn\u00e9es collect\u00e9es (site web ou application)<\/h2>\t\t\t\t<\/div>\n\t\t\t\t<div class=\"elementor-element elementor-element-30b47710 elementor-invisible elementor-widget elementor-widget-text-editor\" data-id=\"30b47710\" data-element_type=\"widget\" data-e-type=\"widget\" data-settings=\"{&quot;_animation&quot;:&quot;fadeInUp&quot;,&quot;_animation_delay&quot;:100}\" data-widget_type=\"text-editor.default\">\n\t\t\t\t\t\t\t\t\t<p>Notre site ne collecte pas d\u2019informations personnelles \u00e0 moins que vous proc\u00e9diez volontairement \u00e0 la transmission de vos donn\u00e9es. Lorsqu\u2019un formulaire doit \u00eatre compl\u00e9t\u00e9, votre consentement sera clairement demand\u00e9 afin d\u2019utiliser vos donn\u00e9es fournies pour des fins pr\u00e9cises et expliqu\u00e9es. Par exemple, pour une inscription \u00e0 une infolettre ou encore lors de l\u2019envoi d\u2019un message pour obtenir de l\u2019information suppl\u00e9mentaire pour un service ou pour obtenir une soumission. Dans ce cas pr\u00e9cis, votre nom, pr\u00e9nom, courriel et num\u00e9ro de t\u00e9l\u00e9phone sont recueillis uniquement \u00e0 cette fin.<\/p><p>Or, les motifs de la collecte vous seront toujours mentionn\u00e9s et les renseignements utilis\u00e9s clairement expos\u00e9s.<\/p>\t\t\t\t\t\t\t\t<\/div>\n\t\t\t\t<div class=\"elementor-element elementor-element-38925ce elementor-invisible elementor-widget elementor-widget-heading\" data-id=\"38925ce\" data-element_type=\"widget\" data-e-type=\"widget\" data-settings=\"{&quot;_animation&quot;:&quot;fadeInUp&quot;,&quot;_animation_delay&quot;:200}\" data-widget_type=\"heading.default\">\n\t\t\t\t\t<h2 class=\"elementor-heading-title elementor-size-default\">Utilisation du cellulaire ou autre appareil mobile <\/h2>\t\t\t\t<\/div>\n\t\t\t\t<div class=\"elementor-element elementor-element-4b8ddc9 elementor-invisible elementor-widget elementor-widget-text-editor\" data-id=\"4b8ddc9\" data-element_type=\"widget\" data-e-type=\"widget\" data-settings=\"{&quot;_animation&quot;:&quot;fadeInUp&quot;,&quot;_animation_delay&quot;:100}\" data-widget_type=\"text-editor.default\">\n\t\t\t\t\t\t\t\t\tLors de l\u2019utilisation de notre site web sur votre cellulaire ou appareil mobile, il est probable que nous obtenions des informations concernant l\u2019identifiant de votre appareil et votre localisation. Il est cependant possible de bloquer le service de localisation directement sur l\u2019appareil que vous utilisez. \t\t\t\t\t\t\t\t<\/div>\n\t\t\t\t<div class=\"elementor-element elementor-element-5445ecc elementor-invisible elementor-widget elementor-widget-heading\" data-id=\"5445ecc\" data-element_type=\"widget\" data-e-type=\"widget\" data-settings=\"{&quot;_animation&quot;:&quot;fadeInUp&quot;,&quot;_animation_delay&quot;:200}\" data-widget_type=\"heading.default\">\n\t\t\t\t\t<h2 class=\"elementor-heading-title elementor-size-default\">T\u00e9moins (cookies) et autres technologiques comparables\n<\/h2>\t\t\t\t<\/div>\n\t\t\t\t<div class=\"elementor-element elementor-element-0260d7a elementor-invisible elementor-widget elementor-widget-text-editor\" data-id=\"0260d7a\" data-element_type=\"widget\" data-e-type=\"widget\" data-settings=\"{&quot;_animation&quot;:&quot;fadeInUp&quot;,&quot;_animation_delay&quot;:100}\" data-widget_type=\"text-editor.default\">\n\t\t\t\t\t\t\t\t\tCertains t\u00e9moins (cookies) ou autres technologies comparables sont utilis\u00e9s sur notre site pour vous faciliter la navigation de page en page, ils ne servent toutefois pas \u00e0 obtenir des informations personnelles \u00e0 votre sujet. Vous pouvez les d\u00e9sactiver dans les param\u00e8tres de votre navigateur. Par contre, il est possible qu\u2019en d\u00e9sactivant les t\u00e9moins (cookies) les fonctionnalit\u00e9s vous apparaissent diff\u00e9remment. \t\t\t\t\t\t\t\t<\/div>\n\t\t\t\t<div class=\"elementor-element elementor-element-a1c7ace elementor-invisible elementor-widget elementor-widget-heading\" data-id=\"a1c7ace\" data-element_type=\"widget\" data-e-type=\"widget\" data-settings=\"{&quot;_animation&quot;:&quot;fadeInUp&quot;,&quot;_animation_delay&quot;:200}\" data-widget_type=\"heading.default\">\n\t\t\t\t\t<h2 class=\"elementor-heading-title elementor-size-default\">Outils<\/h2>\t\t\t\t<\/div>\n\t\t\t\t<div class=\"elementor-element elementor-element-f708913 elementor-invisible elementor-widget elementor-widget-text-editor\" data-id=\"f708913\" data-element_type=\"widget\" data-e-type=\"widget\" data-settings=\"{&quot;_animation&quot;:&quot;fadeInUp&quot;,&quot;_animation_delay&quot;:100}\" data-widget_type=\"text-editor.default\">\n\t\t\t\t\t\t\t\t\t<p>Certaines donn\u00e9es sont collect\u00e9es automatiquement lors de l\u2019utilisation de notre site tel que votre adresse IP, votre syst\u00e8me d\u2019exploitation et votre navigateur, les pages que vous avez visit\u00e9es et les requ\u00eates que vous y faites, l\u2019heure et le jour de la connexion au site. Ces informations ne permettent pas de conna\u00eetre votre identit\u00e9 et ne sont donc pas consid\u00e9r\u00e9es comme \u00e9tant des informations confidentielles.<\/p><p>Nous utilisons sur le pr\u00e9sent site des outils d\u2019analyse. Ceux-ci servent \u00e0 mesurer, collecter et stocker des informations, nous permettant d\u2019analyser le trafic sur notre site web et am\u00e9liorer nos services. Nous avons \u00e0 c\u0153ur le bien-\u00eatre de nos clients c\u2019est pourquoi nous tentons continuellement de nous surpasser. Vous pouvez choisir de d\u00e9sactiver et refuser les t\u00e9moins des outils d\u2019analyse. Vous pourrez tout de m\u00eame acc\u00e9der au site web, mais il est possible que l\u2019acc\u00e8s \u00e0 certaines pages s\u00e9curis\u00e9es vous soit bloqu\u00e9.<\/p>\t\t\t\t\t\t\t\t<\/div>\n\t\t\t\t<div class=\"elementor-element elementor-element-329d5fb elementor-invisible elementor-widget elementor-widget-heading\" data-id=\"329d5fb\" data-element_type=\"widget\" data-e-type=\"widget\" data-settings=\"{&quot;_animation&quot;:&quot;fadeInUp&quot;,&quot;_animation_delay&quot;:200}\" data-widget_type=\"heading.default\">\n\t\t\t\t\t<h2 class=\"elementor-heading-title elementor-size-default\">Utilisation des informations<\/h2>\t\t\t\t<\/div>\n\t\t\t\t<div class=\"elementor-element elementor-element-69ef909 elementor-invisible elementor-widget elementor-widget-text-editor\" data-id=\"69ef909\" data-element_type=\"widget\" data-e-type=\"widget\" data-settings=\"{&quot;_animation&quot;:&quot;fadeInUp&quot;,&quot;_animation_delay&quot;:100}\" data-widget_type=\"text-editor.default\">\n\t\t\t\t\t\t\t\t\t<p>Les informations recueillies par les outils d\u2019analyse aident \u00e0 la production de statistiques et de rapports du pr\u00e9sent site nous permettant de mieux conna\u00eetre notre client\u00e8le. Les statistiques et rapports sont utilis\u00e9s pour la gestion et l\u2019am\u00e9lioration des services que nous proposons \u00e0 notre client\u00e8le.<\/p><p>Aucune vente ou location, aucun partage ou divulgation de vos renseignements personnels n\u2019est fait, d\u2019aucune mani\u00e8re, \u00e0 une tierce partie dans un objectif de commercialisation de vos informations.<\/p>\t\t\t\t\t\t\t\t<\/div>\n\t\t\t\t<div class=\"elementor-element elementor-element-dd4a89d elementor-invisible elementor-widget elementor-widget-heading\" data-id=\"dd4a89d\" data-element_type=\"widget\" data-e-type=\"widget\" data-settings=\"{&quot;_animation&quot;:&quot;fadeInUp&quot;,&quot;_animation_delay&quot;:200}\" data-widget_type=\"heading.default\">\n\t\t\t\t\t<h2 class=\"elementor-heading-title elementor-size-default\">Publication et tiers<\/h2>\t\t\t\t<\/div>\n\t\t\t\t<div class=\"elementor-element elementor-element-06ba9e0 elementor-invisible elementor-widget elementor-widget-text-editor\" data-id=\"06ba9e0\" data-element_type=\"widget\" data-e-type=\"widget\" data-settings=\"{&quot;_animation&quot;:&quot;fadeInUp&quot;,&quot;_animation_delay&quot;:100}\" data-widget_type=\"text-editor.default\">\n\t\t\t\t\t\t\t\t\tNous pouvons \u00eatre appel\u00e9s \u00e0 partager des informations qui ne sont ni personnalis\u00e9es ni confidentielles sur l&rsquo;entreprise, notamment les tendances d\u2019utilisation de nos services \u00e0 des tiers. Nous nous assurons qu\u2019aucune transmission d\u2019information confidentielle n\u2019est faite sans le consentement du client.\t\t\t\t\t\t\t\t<\/div>\n\t\t\t\t<div class=\"elementor-element elementor-element-94b8694 elementor-invisible elementor-widget elementor-widget-heading\" data-id=\"94b8694\" data-element_type=\"widget\" data-e-type=\"widget\" data-settings=\"{&quot;_animation&quot;:&quot;fadeInUp&quot;,&quot;_animation_delay&quot;:200}\" data-widget_type=\"heading.default\">\n\t\t\t\t\t<h2 class=\"elementor-heading-title elementor-size-default\">S\u00e9curit\u00e9<\/h2>\t\t\t\t<\/div>\n\t\t\t\t<div class=\"elementor-element elementor-element-fe76971 elementor-invisible elementor-widget elementor-widget-text-editor\" data-id=\"fe76971\" data-element_type=\"widget\" data-e-type=\"widget\" data-settings=\"{&quot;_animation&quot;:&quot;fadeInUp&quot;,&quot;_animation_delay&quot;:100}\" data-widget_type=\"text-editor.default\">\n\t\t\t\t\t\t\t\t\t<p>Nous en faisons le plus possible pour prot\u00e9ger l\u2019utilisateur. Les renseignements personnels que nous recueillons sont crypt\u00e9s par la technologie SSL (Secure Sockets Layer) comme mentionn\u00e9e plus haut et l\u2019acc\u00e8s aux donn\u00e9es est strictement r\u00e9serv\u00e9 aux personnes qui font le traitement des donn\u00e9es. Ceux-ci sont soumis \u00e0 des obligations de confidentialit\u00e9 stricte.<\/p><p>Les donn\u00e9es stock\u00e9es dans les serveurs ne sont communiqu\u00e9es qu\u2019en cas d\u2019obligation l\u00e9gale; pour appliquer nos conditions d\u2019utilisations; pr\u00e9server nos droits, nos biens et notre s\u00e9curit\u00e9 ainsi que ceux de nos utilisateurs; pour contrer la fraude; ou avec votre consentement et sont prot\u00e9g\u00e9es par un param\u00e8tre de confidentialit\u00e9 et de s\u00e9curit\u00e9.<\/p>\t\t\t\t\t\t\t\t<\/div>\n\t\t\t\t<div class=\"elementor-element elementor-element-95005b6 elementor-invisible elementor-widget elementor-widget-heading\" data-id=\"95005b6\" data-element_type=\"widget\" data-e-type=\"widget\" data-settings=\"{&quot;_animation&quot;:&quot;fadeInUp&quot;,&quot;_animation_delay&quot;:200}\" data-widget_type=\"heading.default\">\n\t\t\t\t\t<h2 class=\"elementor-heading-title elementor-size-default\">Enfants de 13 ans et moins \n<\/h2>\t\t\t\t<\/div>\n\t\t\t\t<div class=\"elementor-element elementor-element-7b14d8d elementor-invisible elementor-widget elementor-widget-text-editor\" data-id=\"7b14d8d\" data-element_type=\"widget\" data-e-type=\"widget\" data-settings=\"{&quot;_animation&quot;:&quot;fadeInUp&quot;,&quot;_animation_delay&quot;:100}\" data-widget_type=\"text-editor.default\">\n\t\t\t\t\t\t\t\t\tNous comprenons l\u2019importance de porter une attention particuli\u00e8re \u00e0 la protection des informations d\u2019un enfant qui fait l\u2019utilisation de notre site. Le pr\u00e9sent site n\u2019est pas destin\u00e9 aux enfants mineurs. Aucune information personnelle d\u2019un enfant \u00e2g\u00e9 de moins de 13 ans n\u2019est stock\u00e9e dans nos serveurs sans l\u2019accord des parents. Si tel est le cas, des mesures seront prises le plus t\u00f4t possible pour rem\u00e9dier \u00e0 la situation. \n\t\t\t\t\t\t\t\t<\/div>\n\t\t\t\t<div class=\"elementor-element elementor-element-5616b8c elementor-invisible elementor-widget elementor-widget-heading\" data-id=\"5616b8c\" data-element_type=\"widget\" data-e-type=\"widget\" data-settings=\"{&quot;_animation&quot;:&quot;fadeInUp&quot;,&quot;_animation_delay&quot;:200}\" data-widget_type=\"heading.default\">\n\t\t\t\t\t<h2 class=\"elementor-heading-title elementor-size-default\">Transition<\/h2>\t\t\t\t<\/div>\n\t\t\t\t<div class=\"elementor-element elementor-element-02ccd24 elementor-invisible elementor-widget elementor-widget-text-editor\" data-id=\"02ccd24\" data-element_type=\"widget\" data-e-type=\"widget\" data-settings=\"{&quot;_animation&quot;:&quot;fadeInUp&quot;,&quot;_animation_delay&quot;:100}\" data-widget_type=\"text-editor.default\">\n\t\t\t\t\t\t\t\t\tAdvenant la vente, l\u2019achat, un partenariat, une r\u00e9organisation, la fusion, la faillite ou toute autre transition possible de l\u2019entreprise, nous nous engageons \u00e0 prot\u00e9ger les informations recueillies dans le transfert de ceux-ci.\t\t\t\t\t\t\t\t<\/div>\n\t\t\t\t<div class=\"elementor-element elementor-element-754de2a elementor-invisible elementor-widget elementor-widget-heading\" data-id=\"754de2a\" data-element_type=\"widget\" data-e-type=\"widget\" data-settings=\"{&quot;_animation&quot;:&quot;fadeInUp&quot;,&quot;_animation_delay&quot;:200}\" data-widget_type=\"heading.default\">\n\t\t\t\t\t<h2 class=\"elementor-heading-title elementor-size-default\">Liens \u00e0 d\u2019autres sites<\/h2>\t\t\t\t<\/div>\n\t\t\t\t<div class=\"elementor-element elementor-element-e44d1aa elementor-invisible elementor-widget elementor-widget-text-editor\" data-id=\"e44d1aa\" data-element_type=\"widget\" data-e-type=\"widget\" data-settings=\"{&quot;_animation&quot;:&quot;fadeInUp&quot;,&quot;_animation_delay&quot;:100}\" data-widget_type=\"text-editor.default\">\n\t\t\t\t\t\t\t\t\tLe pr\u00e9sent site peut contenir des liens vers d\u2019autres sites. Ces sites ne sont pas r\u00e9gis par notre politique de confidentialit\u00e9. Nous vous recommandons de v\u00e9rifier les politiques de confidentialit\u00e9 des autres sites pour comprendre leurs proc\u00e9dures relatives \u00e0 vos informations confidentielles. L\u2019entreprise ne peut pas \u00eatre tenue responsable du traitement des donn\u00e9es confidentielles des autres sites desquels il propose des liens pour la convenance de son utilisateur. \t\t\t\t\t\t\t\t<\/div>\n\t\t\t\t<div class=\"elementor-element elementor-element-f4f4383 elementor-invisible elementor-widget elementor-widget-text-editor\" data-id=\"f4f4383\" data-element_type=\"widget\" data-e-type=\"widget\" data-settings=\"{&quot;_animation&quot;:&quot;fadeInUp&quot;,&quot;_animation_delay&quot;:100}\" data-widget_type=\"text-editor.default\">\n\t\t\t\t\t\t\t\t\tN\u2019h\u00e9sitez pas \u00e0 joindre ANISHNABE ALLIANCE, pour plus d\u2019informations sur le traitement de vos donn\u00e9es personnelles ou pour modifier celles que nous avons d\u00e9j\u00e0 entre les mains. C\u2019est avec plaisir que nous vous informerons davantage.\t\t\t\t\t\t\t\t<\/div>\n\t\t\t\t<div class=\"elementor-element elementor-element-490ec79 elementor-invisible elementor-widget elementor-widget-text-editor\" data-id=\"490ec79\" data-element_type=\"widget\" data-e-type=\"widget\" data-settings=\"{&quot;_animation&quot;:&quot;fadeInUp&quot;,&quot;_animation_delay&quot;:100}\" data-widget_type=\"text-editor.default\">\n\t\t\t\t\t\t\t\t\t<p><strong>Nona Vincent &#8211; Administrateur <\/strong><br \/><a href=\"tel:+18196357600\">819-635-7600<\/a><br \/><a href=\"mailto:nvincent@aalliance.ca\">nvincent@aalliance.ca<\/a><\/p>\t\t\t\t\t\t\t\t<\/div>\n\t\t\t\t\t<\/div>\n\t\t<\/div>\n\t\t\t\t\t<\/div>\n\t\t<\/section>\n\t\t\t\t<\/div>\n\t\t","protected":false},"excerpt":{"rendered":"<p>Anishnabe Alliance Date : 2025-12-04 Chez ANISHNABE ALLIANCE, le respect de votre vie priv\u00e9e est primordial. Nous tenons \u00e0 ce que vous soyez inform\u00e9 de fa\u00e7on transparente sur notre utilisation de vos informations lorsque vous naviguez sur notre site. En transigeant avec le site de ANISHNABE ALLIANCE, vous acceptez de vous conformer aux pr\u00e9sentes politiques. [&hellip;]<\/p>\n","protected":false},"author":1,"featured_media":0,"parent":0,"menu_order":0,"comment_status":"closed","ping_status":"closed","template":"","meta":{"_acf_changed":false,"_seopress_robots_primary_cat":"","_seopress_titles_title":"","_seopress_titles_desc":"","_seopress_robots_index":"","inline_featured_image":false,"footnotes":""},"class_list":["post-1244","page","type-page","status-publish","hentry"],"acf":[],"_links":{"self":[{"href":"https:\/\/aalliance.ca\/fr\/wp-json\/wp\/v2\/pages\/1244","targetHints":{"allow":["GET"]}}],"collection":[{"href":"https:\/\/aalliance.ca\/fr\/wp-json\/wp\/v2\/pages"}],"about":[{"href":"https:\/\/aalliance.ca\/fr\/wp-json\/wp\/v2\/types\/page"}],"author":[{"embeddable":true,"href":"https:\/\/aalliance.ca\/fr\/wp-json\/wp\/v2\/users\/1"}],"replies":[{"embeddable":true,"href":"https:\/\/aalliance.ca\/fr\/wp-json\/wp\/v2\/comments?post=1244"}],"version-history":[{"count":0,"href":"https:\/\/aalliance.ca\/fr\/wp-json\/wp\/v2\/pages\/1244\/revisions"}],"wp:attachment":[{"href":"https:\/\/aalliance.ca\/fr\/wp-json\/wp\/v2\/media?parent=1244"}],"curies":[{"name":"wp","href":"https:\/\/api.w.org\/{rel}","templated":true}]}}