{"id":1083,"date":"2026-01-22T06:38:05","date_gmt":"2026-01-22T11:38:05","guid":{"rendered":"https:\/\/aalliance.ca\/activities\/"},"modified":"2026-03-31T14:29:28","modified_gmt":"2026-03-31T18:29:28","slug":"activites","status":"publish","type":"page","link":"https:\/\/aalliance.ca\/fr\/activites\/","title":{"rendered":"Activit\u00e9s"},"content":{"rendered":"\t\t<div data-elementor-type=\"wp-page\" data-elementor-id=\"1083\" class=\"elementor elementor-1083 elementor-539\" data-elementor-post-type=\"page\">\n\t\t\t\t\t\t<section class=\"elementor-section elementor-top-section elementor-element elementor-element-7c39173 elementor-section-boxed elementor-section-height-default elementor-section-height-default\" data-id=\"7c39173\" data-element_type=\"section\" data-e-type=\"section\" data-settings=\"{&quot;background_background&quot;:&quot;classic&quot;}\">\n\t\t\t\t\t\t\t<div class=\"elementor-background-overlay\"><\/div>\n\t\t\t\t\t\t\t<div class=\"elementor-container elementor-column-gap-default\">\n\t\t\t\t\t<div class=\"elementor-column elementor-col-100 elementor-top-column elementor-element elementor-element-e71d426\" data-id=\"e71d426\" data-element_type=\"column\" data-e-type=\"column\">\n\t\t\t<div class=\"elementor-widget-wrap elementor-element-populated\">\n\t\t\t\t\t\t<div class=\"elementor-element elementor-element-d30d0e9 elementor-invisible elementor-widget elementor-widget-heading\" data-id=\"d30d0e9\" data-element_type=\"widget\" data-e-type=\"widget\" data-settings=\"{&quot;_animation&quot;:&quot;fadeInUp&quot;}\" data-widget_type=\"heading.default\">\n\t\t\t\t\t<h6 class=\"elementor-heading-title elementor-size-default\">Anishnabe Alliance<\/h6>\t\t\t\t<\/div>\n\t\t\t\t<div class=\"elementor-element elementor-element-f6ab198 elementor-invisible elementor-widget elementor-widget-heading\" data-id=\"f6ab198\" data-element_type=\"widget\" data-e-type=\"widget\" data-settings=\"{&quot;_animation&quot;:&quot;fadeInUp&quot;,&quot;_animation_delay&quot;:50}\" data-widget_type=\"heading.default\">\n\t\t\t\t\t<h1 class=\"elementor-heading-title elementor-size-default\">Activit\u00e9s de l\u2019Alliance\n<\/h1>\t\t\t\t<\/div>\n\t\t\t\t\t<\/div>\n\t\t<\/div>\n\t\t\t\t\t<\/div>\n\t\t<\/section>\n\t\t\t\t<section class=\"elementor-section elementor-top-section elementor-element elementor-element-b489a44 elementor-section-boxed elementor-section-height-default elementor-section-height-default\" data-id=\"b489a44\" data-element_type=\"section\" data-e-type=\"section\" data-settings=\"{&quot;background_background&quot;:&quot;classic&quot;}\">\n\t\t\t\t\t\t<div class=\"elementor-container elementor-column-gap-default\">\n\t\t\t\t\t<div class=\"elementor-column elementor-col-100 elementor-top-column elementor-element elementor-element-fe5a351\" data-id=\"fe5a351\" data-element_type=\"column\" data-e-type=\"column\">\n\t\t\t<div class=\"elementor-widget-wrap elementor-element-populated\">\n\t\t\t\t\t\t<div class=\"elementor-element elementor-element-f9cbe76 elementor-invisible elementor-widget elementor-widget-text-editor\" data-id=\"f9cbe76\" data-element_type=\"widget\" data-e-type=\"widget\" data-settings=\"{&quot;_animation&quot;:&quot;fadeInUp&quot;,&quot;_animation_delay&quot;:250}\" data-widget_type=\"text-editor.default\">\n\t\t\t\t\t\t\t\t\t<p>Rassembler la communaut\u00e9 pour renforcer notre mission.<\/p><p>Anishnabe Alliance est une organisation dynamique qui vise \u00e0 favoriser le r\u00e9seautage, renforcer les liens et cr\u00e9er des opportunit\u00e9s concr\u00e8tes pour la communaut\u00e9 anishnabe, ainsi que pour tous les partenaires qui appuient notre mission.<\/p><p>\u00c0 travers des \u00e9v\u00e9nements, des rencontres et des initiatives communautaires, nous souhaitons encourager la collaboration, l\u2019engagement et un impact durable en lien avec les quatre piliers de notre mission, soit le d\u00e9veloppement \u00e9conomique, le logement, l\u2019\u00e9ducation et la formation, ainsi que le sport et les loisirs.<\/p>\t\t\t\t\t\t\t\t<\/div>\n\t\t\t\t<div class=\"elementor-element elementor-element-99899d3 elementor-mobile-align-center elementor-align-center elementor-invisible elementor-widget elementor-widget-button\" data-id=\"99899d3\" data-element_type=\"widget\" data-e-type=\"widget\" data-settings=\"{&quot;_animation&quot;:&quot;fadeInUp&quot;,&quot;_animation_delay&quot;:200}\" data-widget_type=\"button.default\">\n\t\t\t\t\t\t\t\t\t\t<a class=\"elementor-button elementor-button-link elementor-size-sm elementor-animation-bob\" href=\"#activities-alliance\">\n\t\t\t\t\t\t<span class=\"elementor-button-content-wrapper\">\n\t\t\t\t\t\t\t\t\t<span class=\"elementor-button-text\">Voir nos activit\u00e9s<\/span>\n\t\t\t\t\t<\/span>\n\t\t\t\t\t<\/a>\n\t\t\t\t\t\t\t\t<\/div>\n\t\t\t\t\t<\/div>\n\t\t<\/div>\n\t\t\t\t\t<\/div>\n\t\t<\/section>\n\t\t\t\t<section class=\"elementor-section elementor-top-section elementor-element elementor-element-75ab579 elementor-section-boxed elementor-section-height-default elementor-section-height-default\" data-id=\"75ab579\" data-element_type=\"section\" data-e-type=\"section\" id=\"activities-alliance\">\n\t\t\t\t\t\t<div class=\"elementor-container elementor-column-gap-wide\">\n\t\t\t\t\t<div class=\"elementor-column elementor-col-50 elementor-top-column elementor-element elementor-element-90eb672\" data-id=\"90eb672\" data-element_type=\"column\" data-e-type=\"column\">\n\t\t\t<div class=\"elementor-widget-wrap elementor-element-populated\">\n\t\t\t\t\t\t<div class=\"elementor-element elementor-element-021bb7c elementor-invisible elementor-widget elementor-widget-image\" data-id=\"021bb7c\" data-element_type=\"widget\" data-e-type=\"widget\" data-settings=\"{&quot;_animation&quot;:&quot;fadeInLeft&quot;,&quot;_animation_delay&quot;:50}\" data-widget_type=\"image.default\">\n\t\t\t\t\t\t\t\t\t\t\t\t\t\t\t<img alt=\"\" fetchpriority=\"high\" decoding=\"async\" width=\"800\" height=\"534\" src=\"https:\/\/aalliance.ca\/wp-content\/uploads\/2026\/01\/Our-Alliance-Association-Activities--1024x683.jpg\" class=\"attachment-large size-large wp-image-1084\" alt=\"\" srcset=\"https:\/\/aalliance.ca\/wp-content\/uploads\/2026\/01\/Our-Alliance-Association-Activities--1024x683.jpg 1024w, https:\/\/aalliance.ca\/wp-content\/uploads\/2026\/01\/Our-Alliance-Association-Activities--300x200.jpg 300w, https:\/\/aalliance.ca\/wp-content\/uploads\/2026\/01\/Our-Alliance-Association-Activities--768x512.jpg 768w, https:\/\/aalliance.ca\/wp-content\/uploads\/2026\/01\/Our-Alliance-Association-Activities-.jpg 1200w\" sizes=\"(max-width: 800px) 100vw, 800px\" \/>\t\t\t\t\t\t\t\t\t\t\t\t\t\t\t<\/div>\n\t\t\t\t\t<\/div>\n\t\t<\/div>\n\t\t\t\t<div class=\"elementor-column elementor-col-50 elementor-top-column elementor-element elementor-element-2824997 order_1\" data-id=\"2824997\" data-element_type=\"column\" data-e-type=\"column\">\n\t\t\t<div class=\"elementor-widget-wrap elementor-element-populated\">\n\t\t\t\t\t\t<div class=\"elementor-element elementor-element-36aff63 elementor-invisible elementor-widget elementor-widget-heading\" data-id=\"36aff63\" data-element_type=\"widget\" data-e-type=\"widget\" data-settings=\"{&quot;_animation&quot;:&quot;fadeInUp&quot;}\" data-widget_type=\"heading.default\">\n\t\t\t\t\t<h6 class=\"elementor-heading-title elementor-size-default\">Activit\u00e9s de l\u2019Alliance<\/h6>\t\t\t\t<\/div>\n\t\t\t\t<div class=\"elementor-element elementor-element-51e4529 elementor-invisible elementor-widget elementor-widget-heading\" data-id=\"51e4529\" data-element_type=\"widget\" data-e-type=\"widget\" data-settings=\"{&quot;_animation&quot;:&quot;fadeInUp&quot;,&quot;_animation_delay&quot;:100}\" data-widget_type=\"heading.default\">\n\t\t\t\t\t<h2 class=\"elementor-heading-title elementor-size-default\">Nos activit\u00e9s associatives<\/h2>\t\t\t\t<\/div>\n\t\t\t\t<div class=\"elementor-element elementor-element-8adfa7d elementor-invisible elementor-widget elementor-widget-text-editor\" data-id=\"8adfa7d\" data-element_type=\"widget\" data-e-type=\"widget\" data-settings=\"{&quot;_animation&quot;:&quot;fadeInUp&quot;,&quot;_animation_delay&quot;:150}\" data-widget_type=\"text-editor.default\">\n\t\t\t\t\t\t\t\t\t<p>Nous sommes fiers de lancer notre tout premier \u00e9v\u00e9nement officiel, soit l\u2019Assembl\u00e9e g\u00e9n\u00e9rale annuelle (AGA) fondatrice d\u2019Anishnabe Alliance.<\/p><p>Cette rencontre inaugurale sera une occasion importante de se rassembler, de partager notre vision et de poser ensemble les bases de la suite.<\/p><p>Il faut \u00eatre membre pour y assister.\u00a0<\/p><p><strong style=\"color: #533e25;\">Lieu :<\/strong> Kitigan Zibi<br \/><strong style=\"color: #533e25;\">Date :<\/strong> Vendredi 29 mai 2026, 13h30 \u00e0 17h00. (la veille du Pow Wow annuel de KZ)<\/p><p>En tant que membre, vous recevrez une invitation personnalis\u00e9e contenant tous les d\u00e9tails de l\u2019\u00e9v\u00e9nement.<\/p>\t\t\t\t\t\t\t\t<\/div>\n\t\t\t\t\t<\/div>\n\t\t<\/div>\n\t\t\t\t\t<\/div>\n\t\t<\/section>\n\t\t\t\t<\/div>\n\t\t","protected":false},"excerpt":{"rendered":"<p>Anishnabe Alliance Activit\u00e9s de l\u2019Alliance Rassembler la communaut\u00e9 pour renforcer notre mission. Anishnabe Alliance est une organisation dynamique qui vise \u00e0 favoriser le r\u00e9seautage, renforcer les liens et cr\u00e9er des opportunit\u00e9s concr\u00e8tes pour la communaut\u00e9 anishnabe, ainsi que pour tous les partenaires qui appuient notre mission. \u00c0 travers des \u00e9v\u00e9nements, des rencontres et des initiatives [&hellip;]<\/p>\n","protected":false},"author":1,"featured_media":0,"parent":0,"menu_order":0,"comment_status":"closed","ping_status":"closed","template":"","meta":{"_acf_changed":false,"_seopress_robots_primary_cat":"","_seopress_titles_title":"","_seopress_titles_desc":"","_seopress_robots_index":"","inline_featured_image":false,"footnotes":""},"class_list":["post-1083","page","type-page","status-publish","hentry"],"acf":[],"_links":{"self":[{"href":"https:\/\/aalliance.ca\/fr\/wp-json\/wp\/v2\/pages\/1083","targetHints":{"allow":["GET"]}}],"collection":[{"href":"https:\/\/aalliance.ca\/fr\/wp-json\/wp\/v2\/pages"}],"about":[{"href":"https:\/\/aalliance.ca\/fr\/wp-json\/wp\/v2\/types\/page"}],"author":[{"embeddable":true,"href":"https:\/\/aalliance.ca\/fr\/wp-json\/wp\/v2\/users\/1"}],"replies":[{"embeddable":true,"href":"https:\/\/aalliance.ca\/fr\/wp-json\/wp\/v2\/comments?post=1083"}],"version-history":[{"count":9,"href":"https:\/\/aalliance.ca\/fr\/wp-json\/wp\/v2\/pages\/1083\/revisions"}],"predecessor-version":[{"id":1507,"href":"https:\/\/aalliance.ca\/fr\/wp-json\/wp\/v2\/pages\/1083\/revisions\/1507"}],"wp:attachment":[{"href":"https:\/\/aalliance.ca\/fr\/wp-json\/wp\/v2\/media?parent=1083"}],"curies":[{"name":"wp","href":"https:\/\/api.w.org\/{rel}","templated":true}]}}